{"id":426,"date":"2022-06-01T07:11:04","date_gmt":"2022-06-01T07:11:04","guid":{"rendered":"https:\/\/www.kikibeach.be\/qui-sommes-nous\/"},"modified":"2024-04-05T08:00:19","modified_gmt":"2024-04-05T08:00:19","slug":"qui-sommes-nous","status":"publish","type":"page","link":"https:\/\/www.kikibeach.be\/fr\/qui-sommes-nous\/","title":{"rendered":"Qui sommes-nous"},"content":{"rendered":"\t\t<div data-elementor-type=\"wp-page\" data-elementor-id=\"426\" class=\"elementor elementor-426 elementor-60\" data-elementor-post-type=\"page\">\n\t\t\t\t\t\t<section class=\"elementor-section elementor-top-section elementor-element elementor-element-54809c1d elementor-section-full_width elementor-section-height-default elementor-section-height-default\" data-id=\"54809c1d\" data-element_type=\"section\" data-e-type=\"section\" data-settings=\"{&quot;background_background&quot;:&quot;classic&quot;}\">\n\t\t\t\t\t\t<div class=\"elementor-container elementor-column-gap-default\">\n\t\t\t\t\t<div class=\"elementor-column elementor-col-100 elementor-top-column elementor-element elementor-element-5b5336ee\" data-id=\"5b5336ee\" data-element_type=\"column\" data-e-type=\"column\">\n\t\t\t<div class=\"elementor-widget-wrap elementor-element-populated\">\n\t\t\t\t\t\t<section class=\"elementor-section elementor-inner-section elementor-element elementor-element-f3d9a4e elementor-section-full_width elementor-section-height-min-height elementor-section-height-default\" data-id=\"f3d9a4e\" data-element_type=\"section\" data-e-type=\"section\" data-settings=\"{&quot;background_background&quot;:&quot;classic&quot;}\">\n\t\t\t\t\t\t\t<div class=\"elementor-background-overlay\"><\/div>\n\t\t\t\t\t\t\t<div class=\"elementor-container elementor-column-gap-default\">\n\t\t\t\t\t<div class=\"elementor-column elementor-col-100 elementor-inner-column elementor-element elementor-element-47ccfd02\" data-id=\"47ccfd02\" data-element_type=\"column\" data-e-type=\"column\">\n\t\t\t<div class=\"elementor-widget-wrap elementor-element-populated\">\n\t\t\t\t\t\t<div class=\"elementor-element elementor-element-468be60b elementor-invisible elementor-widget elementor-widget-heading\" data-id=\"468be60b\" data-element_type=\"widget\" data-e-type=\"widget\" data-settings=\"{&quot;_animation&quot;:&quot;zoomIn&quot;}\" data-widget_type=\"heading.default\">\n\t\t\t\t<div class=\"elementor-widget-container\">\n\t\t\t\t\t<h1 class=\"elementor-heading-title elementor-size-default\">Qui sommes-nous<\/h1>\t\t\t\t<\/div>\n\t\t\t\t<\/div>\n\t\t\t\t\t<\/div>\n\t\t<\/div>\n\t\t\t\t\t<\/div>\n\t\t<\/section>\n\t\t\t\t\t<\/div>\n\t\t<\/div>\n\t\t\t\t\t<\/div>\n\t\t<\/section>\n\t\t\t\t<section class=\"elementor-section elementor-top-section elementor-element elementor-element-4e794011 elementor-reverse-mobile elementor-section-boxed elementor-section-height-default elementor-section-height-default\" data-id=\"4e794011\" data-element_type=\"section\" data-e-type=\"section\">\n\t\t\t\t\t\t<div class=\"elementor-container elementor-column-gap-default\">\n\t\t\t\t\t<div class=\"elementor-column elementor-col-50 elementor-top-column elementor-element elementor-element-23c7b917 elementor-invisible\" data-id=\"23c7b917\" data-element_type=\"column\" data-e-type=\"column\" data-settings=\"{&quot;animation&quot;:&quot;fadeInLeft&quot;}\">\n\t\t\t<div class=\"elementor-widget-wrap elementor-element-populated\">\n\t\t\t\t\t\t<div class=\"elementor-element elementor-element-716acccb elementor-widget elementor-widget-image\" data-id=\"716acccb\" data-element_type=\"widget\" data-e-type=\"widget\" data-widget_type=\"image.default\">\n\t\t\t\t<div class=\"elementor-widget-container\">\n\t\t\t\t\t\t\t\t\t\t\t\t\t\t\t<img fetchpriority=\"high\" decoding=\"async\" width=\"800\" height=\"534\" src=\"https:\/\/www.kikibeach.be\/wp-content\/uploads\/2022\/05\/Kiki-Beach-Duinbergen-13-1024x683.jpg\" class=\"attachment-large size-large wp-image-393\" alt=\"\" srcset=\"https:\/\/www.kikibeach.be\/wp-content\/uploads\/2022\/05\/Kiki-Beach-Duinbergen-13-1024x683.jpg 1024w, https:\/\/www.kikibeach.be\/wp-content\/uploads\/2022\/05\/Kiki-Beach-Duinbergen-13-300x200.jpg 300w, https:\/\/www.kikibeach.be\/wp-content\/uploads\/2022\/05\/Kiki-Beach-Duinbergen-13-768x512.jpg 768w, https:\/\/www.kikibeach.be\/wp-content\/uploads\/2022\/05\/Kiki-Beach-Duinbergen-13-1536x1024.jpg 1536w, https:\/\/www.kikibeach.be\/wp-content\/uploads\/2022\/05\/Kiki-Beach-Duinbergen-13.jpg 1800w\" sizes=\"(max-width: 800px) 100vw, 800px\" \/>\t\t\t\t\t\t\t\t\t\t\t\t\t\t\t<\/div>\n\t\t\t\t<\/div>\n\t\t\t\t\t<\/div>\n\t\t<\/div>\n\t\t\t\t<div class=\"elementor-column elementor-col-50 elementor-top-column elementor-element elementor-element-d1d4f elementor-invisible\" data-id=\"d1d4f\" data-element_type=\"column\" data-e-type=\"column\" data-settings=\"{&quot;animation&quot;:&quot;fadeInRight&quot;}\">\n\t\t\t<div class=\"elementor-widget-wrap elementor-element-populated\">\n\t\t\t\t\t\t<section class=\"elementor-section elementor-inner-section elementor-element elementor-element-36702928 elementor-section-boxed elementor-section-height-default elementor-section-height-default\" data-id=\"36702928\" data-element_type=\"section\" data-e-type=\"section\">\n\t\t\t\t\t\t<div class=\"elementor-container elementor-column-gap-default\">\n\t\t\t\t\t<div class=\"elementor-column elementor-col-100 elementor-inner-column elementor-element elementor-element-30132006\" data-id=\"30132006\" data-element_type=\"column\" data-e-type=\"column\">\n\t\t\t<div class=\"elementor-widget-wrap elementor-element-populated\">\n\t\t\t\t\t\t<div class=\"elementor-element elementor-element-494091a5 elementor-widget elementor-widget-text-editor\" data-id=\"494091a5\" data-element_type=\"widget\" data-e-type=\"widget\" data-widget_type=\"text-editor.default\">\n\t\t\t\t<div class=\"elementor-widget-container\">\n\t\t\t\t\t\t\t\t\t<p>Kiki Beach est une entreprise familiale depuis deux g\u00e9n\u00e9rations. Apr\u00e8s Dominique et Ann, leur fille Nathalie et son copain Benjamin ont repris le flambeau et esp\u00e8rent le transmettre le plus tard possible.<\/p>\n\t\t\t\t\t\t\t\t<\/div>\n\t\t\t\t<\/div>\n\t\t\t\t<div class=\"elementor-element elementor-element-60b90566 elementor-widget elementor-widget-heading\" data-id=\"60b90566\" data-element_type=\"widget\" data-e-type=\"widget\" data-widget_type=\"heading.default\">\n\t\t\t\t<div class=\"elementor-widget-container\">\n\t\t\t\t\t<h4 class=\"elementor-heading-title elementor-size-default\">EN VRAIE BEACHGIRL, NATHALIE A GRANDI SUR CETTE PLAGE AVEC SON FR\u00c8RE ARNO.<\/h4>\t\t\t\t<\/div>\n\t\t\t\t<\/div>\n\t\t\t\t\t<\/div>\n\t\t<\/div>\n\t\t\t\t\t<\/div>\n\t\t<\/section>\n\t\t\t\t\t<\/div>\n\t\t<\/div>\n\t\t\t\t\t<\/div>\n\t\t<\/section>\n\t\t\t\t<section class=\"elementor-section elementor-top-section elementor-element elementor-element-6db0f4b0 elementor-section-boxed elementor-section-height-default elementor-section-height-default\" data-id=\"6db0f4b0\" data-element_type=\"section\" data-e-type=\"section\">\n\t\t\t\t\t\t<div class=\"elementor-container elementor-column-gap-default\">\n\t\t\t\t\t<div class=\"elementor-column elementor-col-100 elementor-top-column elementor-element elementor-element-31c29d26 animated-slow elementor-invisible\" data-id=\"31c29d26\" data-element_type=\"column\" data-e-type=\"column\" data-settings=\"{&quot;animation&quot;:&quot;fadeIn&quot;}\">\n\t\t\t<div class=\"elementor-widget-wrap elementor-element-populated\">\n\t\t\t\t\t\t<div class=\"elementor-element elementor-element-61c1b3e0 elementor-widget elementor-widget-text-editor\" data-id=\"61c1b3e0\" data-element_type=\"widget\" data-e-type=\"widget\" data-widget_type=\"text-editor.default\">\n\t\t\t\t<div class=\"elementor-widget-container\">\n\t\t\t\t\t\t\t\t\t<p>Pour Nathalie, kiki Beach est le souvenir d\u2019une enfance insouciante et de belles vacances \u00e0 la plage. Ces souvenirs font de Kiki Beach sa seconde maison. Arriv\u00e9e \u00e0 l\u2019adolescence, elle d\u00e9cide de ne pas continuer ses \u00e9tudes afin de se concentrer sur l\u2019entreprise familiale.<\/p>\n\t\t\t\t\t\t\t\t<\/div>\n\t\t\t\t<\/div>\n\t\t\t\t\t<\/div>\n\t\t<\/div>\n\t\t\t\t\t<\/div>\n\t\t<\/section>\n\t\t\t\t<section class=\"elementor-section elementor-top-section elementor-element elementor-element-3b91134b elementor-section-boxed elementor-section-height-default elementor-section-height-default\" data-id=\"3b91134b\" data-element_type=\"section\" data-e-type=\"section\">\n\t\t\t\t\t\t<div class=\"elementor-container elementor-column-gap-default\">\n\t\t\t\t\t<div class=\"elementor-column elementor-col-33 elementor-top-column elementor-element elementor-element-640e28b9 elementor-invisible\" data-id=\"640e28b9\" data-element_type=\"column\" data-e-type=\"column\" data-settings=\"{&quot;animation&quot;:&quot;fadeInUp&quot;,&quot;animation_delay&quot;:300}\">\n\t\t\t<div class=\"elementor-widget-wrap elementor-element-populated\">\n\t\t\t\t\t\t<div class=\"elementor-element elementor-element-6f84d140 elementor-widget elementor-widget-image\" data-id=\"6f84d140\" data-element_type=\"widget\" data-e-type=\"widget\" data-widget_type=\"image.default\">\n\t\t\t\t<div class=\"elementor-widget-container\">\n\t\t\t\t\t\t\t\t\t\t\t\t\t\t\t<img decoding=\"async\" width=\"683\" height=\"1024\" src=\"https:\/\/www.kikibeach.be\/wp-content\/uploads\/2022\/05\/Kiki-Beach-Duinbergen-5-683x1024.jpg\" class=\"attachment-large size-large wp-image-385\" alt=\"\" srcset=\"https:\/\/www.kikibeach.be\/wp-content\/uploads\/2022\/05\/Kiki-Beach-Duinbergen-5-683x1024.jpg 683w, https:\/\/www.kikibeach.be\/wp-content\/uploads\/2022\/05\/Kiki-Beach-Duinbergen-5-200x300.jpg 200w, https:\/\/www.kikibeach.be\/wp-content\/uploads\/2022\/05\/Kiki-Beach-Duinbergen-5-768x1152.jpg 768w, https:\/\/www.kikibeach.be\/wp-content\/uploads\/2022\/05\/Kiki-Beach-Duinbergen-5-1024x1536.jpg 1024w, https:\/\/www.kikibeach.be\/wp-content\/uploads\/2022\/05\/Kiki-Beach-Duinbergen-5.jpg 1200w\" sizes=\"(max-width: 683px) 100vw, 683px\" \/>\t\t\t\t\t\t\t\t\t\t\t\t\t\t\t<\/div>\n\t\t\t\t<\/div>\n\t\t\t\t\t<\/div>\n\t\t<\/div>\n\t\t\t\t<div class=\"elementor-column elementor-col-33 elementor-top-column elementor-element elementor-element-40b18e7e elementor-invisible\" data-id=\"40b18e7e\" data-element_type=\"column\" data-e-type=\"column\" data-settings=\"{&quot;animation&quot;:&quot;fadeInUp&quot;,&quot;animation_delay&quot;:600}\">\n\t\t\t<div class=\"elementor-widget-wrap elementor-element-populated\">\n\t\t\t\t\t\t<div class=\"elementor-element elementor-element-ca9221 elementor-widget elementor-widget-image\" data-id=\"ca9221\" data-element_type=\"widget\" data-e-type=\"widget\" data-widget_type=\"image.default\">\n\t\t\t\t<div class=\"elementor-widget-container\">\n\t\t\t\t\t\t\t\t\t\t\t\t\t\t\t<img decoding=\"async\" width=\"683\" height=\"1024\" src=\"https:\/\/www.kikibeach.be\/wp-content\/uploads\/2022\/05\/Kiki-Beach-Duinbergen-10-683x1024.jpg\" class=\"attachment-large size-large wp-image-390\" alt=\"\" srcset=\"https:\/\/www.kikibeach.be\/wp-content\/uploads\/2022\/05\/Kiki-Beach-Duinbergen-10-683x1024.jpg 683w, https:\/\/www.kikibeach.be\/wp-content\/uploads\/2022\/05\/Kiki-Beach-Duinbergen-10-200x300.jpg 200w, https:\/\/www.kikibeach.be\/wp-content\/uploads\/2022\/05\/Kiki-Beach-Duinbergen-10-768x1152.jpg 768w, https:\/\/www.kikibeach.be\/wp-content\/uploads\/2022\/05\/Kiki-Beach-Duinbergen-10-1024x1536.jpg 1024w, https:\/\/www.kikibeach.be\/wp-content\/uploads\/2022\/05\/Kiki-Beach-Duinbergen-10.jpg 1200w\" sizes=\"(max-width: 683px) 100vw, 683px\" \/>\t\t\t\t\t\t\t\t\t\t\t\t\t\t\t<\/div>\n\t\t\t\t<\/div>\n\t\t\t\t\t<\/div>\n\t\t<\/div>\n\t\t\t\t<div class=\"elementor-column elementor-col-33 elementor-top-column elementor-element elementor-element-1d32a4ee elementor-invisible\" data-id=\"1d32a4ee\" data-element_type=\"column\" data-e-type=\"column\" data-settings=\"{&quot;animation&quot;:&quot;fadeInUp&quot;}\">\n\t\t\t<div class=\"elementor-widget-wrap elementor-element-populated\">\n\t\t\t\t\t\t<div class=\"elementor-element elementor-element-457e6b83 elementor-widget elementor-widget-text-editor\" data-id=\"457e6b83\" data-element_type=\"widget\" data-e-type=\"widget\" data-widget_type=\"text-editor.default\">\n\t\t\t\t<div class=\"elementor-widget-container\">\n\t\t\t\t\t\t\t\t\t<p>En 2017, Benjamin d\u00e9cide d\u2019abandonner sa carri\u00e8re de cuisinier dans le restaurant italien de ses parents pour rejoindre l\u2019\u00e9quipe de Kiki Beach. Ce ne fut pas un grand changement pour lui, habitu\u00e9 \u00e0 travailler dur avec ses parents depuis son enfance. Le travail saisonnier et l\u2019alternance de p\u00e9riodes calmes et charg\u00e9es ne lui \u00e9tait pas inconnue. En 2020, Nathalie a donn\u00e9 naissance \u00e0 Elena et un deuxi\u00e8me beachbaby est n\u00e9e en 2022. Pour s\u00fbr, ces deux enfants auront \u00e9galement une enfance joyeuse sur la plage charg\u00e9e de beaux souvenirs et d\u2019histoires merveilleuses.<\/p>\t\t\t\t\t\t\t\t<\/div>\n\t\t\t\t<\/div>\n\t\t\t\t<div class=\"elementor-element elementor-element-5d3e9f91 elementor-widget elementor-widget-heading\" data-id=\"5d3e9f91\" data-element_type=\"widget\" data-e-type=\"widget\" data-widget_type=\"heading.default\">\n\t\t\t\t<div class=\"elementor-widget-container\">\n\t\t\t\t\t<h4 class=\"elementor-heading-title elementor-size-default\">LA 3\u00e8me G\u00c9N\u00c9RATION SE D\u00c9VOILE PEUT-\u00caTRE D\u00c9J\u00c0 SOUS NOS YEUX.<\/h4>\t\t\t\t<\/div>\n\t\t\t\t<\/div>\n\t\t\t\t\t<\/div>\n\t\t<\/div>\n\t\t\t\t\t<\/div>\n\t\t<\/section>\n\t\t\t\t<section class=\"elementor-section elementor-top-section elementor-element elementor-element-7ffc798 elementor-section-height-min-height elementor-section-boxed elementor-section-height-default elementor-section-items-middle\" data-id=\"7ffc798\" data-element_type=\"section\" data-e-type=\"section\" data-settings=\"{&quot;background_background&quot;:&quot;classic&quot;}\">\n\t\t\t\t\t\t\t<div class=\"elementor-background-overlay\"><\/div>\n\t\t\t\t\t\t\t<div class=\"elementor-container elementor-column-gap-default\">\n\t\t\t\t\t<div class=\"elementor-column elementor-col-100 elementor-top-column elementor-element elementor-element-6980ee1 animated-slow elementor-invisible\" data-id=\"6980ee1\" data-element_type=\"column\" data-e-type=\"column\" data-settings=\"{&quot;animation&quot;:&quot;fadeIn&quot;,&quot;animation_delay&quot;:300}\">\n\t\t\t<div class=\"elementor-widget-wrap elementor-element-populated\">\n\t\t\t\t\t\t<div class=\"elementor-element elementor-element-087aa00 elementor-widget elementor-widget-heading\" data-id=\"087aa00\" data-element_type=\"widget\" data-e-type=\"widget\" data-widget_type=\"heading.default\">\n\t\t\t\t<div class=\"elementor-widget-container\">\n\t\t\t\t\t<h2 class=\"elementor-heading-title elementor-size-default\">R\u00e9servez votre transat maintenant !<\/h2>\t\t\t\t<\/div>\n\t\t\t\t<\/div>\n\t\t\t\t<div class=\"elementor-element elementor-element-f7f88ac elementor-align-center elementor-widget elementor-widget-button\" data-id=\"f7f88ac\" data-element_type=\"widget\" data-e-type=\"widget\" data-widget_type=\"button.default\">\n\t\t\t\t<div class=\"elementor-widget-container\">\n\t\t\t\t\t\t\t\t\t<div class=\"elementor-button-wrapper\">\n\t\t\t\t\t<a class=\"elementor-button elementor-button-link elementor-size-md elementor-animation-pop\" href=\"https:\/\/www.kikibeach.be\/fr\/contact\/\">\n\t\t\t\t\t\t<span class=\"elementor-button-content-wrapper\">\n\t\t\t\t\t\t\t\t\t<span class=\"elementor-button-text\">Contact<\/span>\n\t\t\t\t\t<\/span>\n\t\t\t\t\t<\/a>\n\t\t\t\t<\/div>\n\t\t\t\t\t\t\t\t<\/div>\n\t\t\t\t<\/div>\n\t\t\t\t\t<\/div>\n\t\t<\/div>\n\t\t\t\t\t<\/div>\n\t\t<\/section>\n\t\t\t\t<\/div>\n\t\t","protected":false},"excerpt":{"rendered":"<p>Kiki Beach est une entreprise familiale depuis deux g\u00e9n\u00e9rations. Apr\u00e8s Dominique et Ann, leur fille Nathalie et son copain Benjamin ont repris le flambeau et esp\u00e8rent le transmettre le plus tard possible. EN VRAIE BEACHGIRL, NATHALIE A GRANDI SUR CETTE PLAGE AVEC SON FR\u00c8RE ARNO. Pour Nathalie, kiki Beach est le souvenir d\u2019une enfance insouciante [&hellip;]<\/p>\n","protected":false},"author":1,"featured_media":0,"parent":0,"menu_order":0,"comment_status":"closed","ping_status":"closed","template":"","meta":{"footnotes":""},"class_list":["post-426","page","type-page","status-publish","hentry"],"yoast_head":"<!-- This site is optimized with the Yoast SEO plugin v26.9 - https:\/\/yoast.com\/product\/yoast-seo-wordpress\/ -->\n<title>Kiki Beach te Duinbergen, Knokke-Heist: Een unieke &amp; gezellige plaats!<\/title>\n<meta name=\"description\" content=\"Een dagje lekker niets doen en komen zonnen op een ligbedje aan de rand van de zee? Bekijk hier onze tarieven.\" \/>\n<meta name=\"robots\" content=\"index, follow, max-snippet:-1, max-image-preview:large, max-video-preview:-1\" \/>\n<link rel=\"canonical\" href=\"https:\/\/www.kikibeach.be\/fr\/qui-sommes-nous\/\" \/>\n<meta property=\"og:locale\" content=\"fr_FR\" \/>\n<meta property=\"og:type\" content=\"article\" \/>\n<meta property=\"og:title\" content=\"Kiki Beach te Duinbergen, Knokke-Heist: Een unieke &amp; gezellige plaats!\" \/>\n<meta property=\"og:description\" content=\"Een dagje lekker niets doen en komen zonnen op een ligbedje aan de rand van de zee? Bekijk hier onze tarieven.\" \/>\n<meta property=\"og:url\" content=\"https:\/\/www.kikibeach.be\/fr\/qui-sommes-nous\/\" \/>\n<meta property=\"og:site_name\" content=\"Kiki Beach\" \/>\n<meta property=\"article:publisher\" content=\"https:\/\/www.facebook.com\/profile.php?id=100057336104836\" \/>\n<meta property=\"article:modified_time\" content=\"2024-04-05T08:00:19+00:00\" \/>\n<meta property=\"og:image\" content=\"https:\/\/www.kikibeach.be\/wp-content\/uploads\/2022\/05\/Kiki-Beach-Duinbergen-13-1024x683.jpg\" \/>\n<meta name=\"twitter:card\" content=\"summary_large_image\" \/>\n<meta name=\"twitter:label1\" content=\"Dur\u00e9e de lecture est.\" \/>\n\t<meta name=\"twitter:data1\" content=\"2 minutes\" \/>\n<script type=\"application\/ld+json\" class=\"yoast-schema-graph\">{\"@context\":\"https:\/\/schema.org\",\"@graph\":[{\"@type\":\"WebPage\",\"@id\":\"https:\/\/www.kikibeach.be\/fr\/qui-sommes-nous\/\",\"url\":\"https:\/\/www.kikibeach.be\/fr\/qui-sommes-nous\/\",\"name\":\"Kiki Beach te Duinbergen, Knokke-Heist: Een unieke & gezellige plaats!\",\"isPartOf\":{\"@id\":\"https:\/\/www.kikibeach.be\/#website\"},\"primaryImageOfPage\":{\"@id\":\"https:\/\/www.kikibeach.be\/fr\/qui-sommes-nous\/#primaryimage\"},\"image\":{\"@id\":\"https:\/\/www.kikibeach.be\/fr\/qui-sommes-nous\/#primaryimage\"},\"thumbnailUrl\":\"https:\/\/www.kikibeach.be\/wp-content\/uploads\/2022\/05\/Kiki-Beach-Duinbergen-13-1024x683.jpg\",\"datePublished\":\"2022-06-01T07:11:04+00:00\",\"dateModified\":\"2024-04-05T08:00:19+00:00\",\"description\":\"Een dagje lekker niets doen en komen zonnen op een ligbedje aan de rand van de zee? Bekijk hier onze tarieven.\",\"breadcrumb\":{\"@id\":\"https:\/\/www.kikibeach.be\/fr\/qui-sommes-nous\/#breadcrumb\"},\"inLanguage\":\"fr-BE\",\"potentialAction\":[{\"@type\":\"ReadAction\",\"target\":[\"https:\/\/www.kikibeach.be\/fr\/qui-sommes-nous\/\"]}]},{\"@type\":\"ImageObject\",\"inLanguage\":\"fr-BE\",\"@id\":\"https:\/\/www.kikibeach.be\/fr\/qui-sommes-nous\/#primaryimage\",\"url\":\"https:\/\/www.kikibeach.be\/wp-content\/uploads\/2022\/05\/Kiki-Beach-Duinbergen-13-1024x683.jpg\",\"contentUrl\":\"https:\/\/www.kikibeach.be\/wp-content\/uploads\/2022\/05\/Kiki-Beach-Duinbergen-13-1024x683.jpg\"},{\"@type\":\"BreadcrumbList\",\"@id\":\"https:\/\/www.kikibeach.be\/fr\/qui-sommes-nous\/#breadcrumb\",\"itemListElement\":[{\"@type\":\"ListItem\",\"position\":1,\"name\":\"Home\",\"item\":\"https:\/\/www.kikibeach.be\/fr\/\"},{\"@type\":\"ListItem\",\"position\":2,\"name\":\"Qui sommes-nous\"}]},{\"@type\":\"WebSite\",\"@id\":\"https:\/\/www.kikibeach.be\/#website\",\"url\":\"https:\/\/www.kikibeach.be\/\",\"name\":\"Kiki Beach\",\"description\":\"Bar, lounge &amp; playground\",\"publisher\":{\"@id\":\"https:\/\/www.kikibeach.be\/#organization\"},\"potentialAction\":[{\"@type\":\"SearchAction\",\"target\":{\"@type\":\"EntryPoint\",\"urlTemplate\":\"https:\/\/www.kikibeach.be\/?s={search_term_string}\"},\"query-input\":{\"@type\":\"PropertyValueSpecification\",\"valueRequired\":true,\"valueName\":\"search_term_string\"}}],\"inLanguage\":\"fr-BE\"},{\"@type\":\"Organization\",\"@id\":\"https:\/\/www.kikibeach.be\/#organization\",\"name\":\"Kiki Beach\",\"url\":\"https:\/\/www.kikibeach.be\/\",\"logo\":{\"@type\":\"ImageObject\",\"inLanguage\":\"fr-BE\",\"@id\":\"https:\/\/www.kikibeach.be\/#\/schema\/logo\/image\/\",\"url\":\"https:\/\/www.kikibeach.be\/wp-content\/uploads\/2022\/05\/logo-Kiki-Beach.jpg\",\"contentUrl\":\"https:\/\/www.kikibeach.be\/wp-content\/uploads\/2022\/05\/logo-Kiki-Beach.jpg\",\"width\":900,\"height\":600,\"caption\":\"Kiki Beach\"},\"image\":{\"@id\":\"https:\/\/www.kikibeach.be\/#\/schema\/logo\/image\/\"},\"sameAs\":[\"https:\/\/www.facebook.com\/profile.php?id=100057336104836\",\"https:\/\/www.instagram.com\/kikibeachduinbergen\/\"]}]}<\/script>\n<!-- \/ Yoast SEO plugin. -->","yoast_head_json":{"title":"Kiki Beach te Duinbergen, Knokke-Heist: Een unieke & gezellige plaats!","description":"Een dagje lekker niets doen en komen zonnen op een ligbedje aan de rand van de zee? Bekijk hier onze tarieven.","robots":{"index":"index","follow":"follow","max-snippet":"max-snippet:-1","max-image-preview":"max-image-preview:large","max-video-preview":"max-video-preview:-1"},"canonical":"https:\/\/www.kikibeach.be\/fr\/qui-sommes-nous\/","og_locale":"fr_FR","og_type":"article","og_title":"Kiki Beach te Duinbergen, Knokke-Heist: Een unieke & gezellige plaats!","og_description":"Een dagje lekker niets doen en komen zonnen op een ligbedje aan de rand van de zee? Bekijk hier onze tarieven.","og_url":"https:\/\/www.kikibeach.be\/fr\/qui-sommes-nous\/","og_site_name":"Kiki Beach","article_publisher":"https:\/\/www.facebook.com\/profile.php?id=100057336104836","article_modified_time":"2024-04-05T08:00:19+00:00","og_image":[{"url":"https:\/\/www.kikibeach.be\/wp-content\/uploads\/2022\/05\/Kiki-Beach-Duinbergen-13-1024x683.jpg","type":"","width":"","height":""}],"twitter_card":"summary_large_image","twitter_misc":{"Dur\u00e9e de lecture est.":"2 minutes"},"schema":{"@context":"https:\/\/schema.org","@graph":[{"@type":"WebPage","@id":"https:\/\/www.kikibeach.be\/fr\/qui-sommes-nous\/","url":"https:\/\/www.kikibeach.be\/fr\/qui-sommes-nous\/","name":"Kiki Beach te Duinbergen, Knokke-Heist: Een unieke & gezellige plaats!","isPartOf":{"@id":"https:\/\/www.kikibeach.be\/#website"},"primaryImageOfPage":{"@id":"https:\/\/www.kikibeach.be\/fr\/qui-sommes-nous\/#primaryimage"},"image":{"@id":"https:\/\/www.kikibeach.be\/fr\/qui-sommes-nous\/#primaryimage"},"thumbnailUrl":"https:\/\/www.kikibeach.be\/wp-content\/uploads\/2022\/05\/Kiki-Beach-Duinbergen-13-1024x683.jpg","datePublished":"2022-06-01T07:11:04+00:00","dateModified":"2024-04-05T08:00:19+00:00","description":"Een dagje lekker niets doen en komen zonnen op een ligbedje aan de rand van de zee? Bekijk hier onze tarieven.","breadcrumb":{"@id":"https:\/\/www.kikibeach.be\/fr\/qui-sommes-nous\/#breadcrumb"},"inLanguage":"fr-BE","potentialAction":[{"@type":"ReadAction","target":["https:\/\/www.kikibeach.be\/fr\/qui-sommes-nous\/"]}]},{"@type":"ImageObject","inLanguage":"fr-BE","@id":"https:\/\/www.kikibeach.be\/fr\/qui-sommes-nous\/#primaryimage","url":"https:\/\/www.kikibeach.be\/wp-content\/uploads\/2022\/05\/Kiki-Beach-Duinbergen-13-1024x683.jpg","contentUrl":"https:\/\/www.kikibeach.be\/wp-content\/uploads\/2022\/05\/Kiki-Beach-Duinbergen-13-1024x683.jpg"},{"@type":"BreadcrumbList","@id":"https:\/\/www.kikibeach.be\/fr\/qui-sommes-nous\/#breadcrumb","itemListElement":[{"@type":"ListItem","position":1,"name":"Home","item":"https:\/\/www.kikibeach.be\/fr\/"},{"@type":"ListItem","position":2,"name":"Qui sommes-nous"}]},{"@type":"WebSite","@id":"https:\/\/www.kikibeach.be\/#website","url":"https:\/\/www.kikibeach.be\/","name":"Kiki Beach","description":"Bar, lounge &amp; playground","publisher":{"@id":"https:\/\/www.kikibeach.be\/#organization"},"potentialAction":[{"@type":"SearchAction","target":{"@type":"EntryPoint","urlTemplate":"https:\/\/www.kikibeach.be\/?s={search_term_string}"},"query-input":{"@type":"PropertyValueSpecification","valueRequired":true,"valueName":"search_term_string"}}],"inLanguage":"fr-BE"},{"@type":"Organization","@id":"https:\/\/www.kikibeach.be\/#organization","name":"Kiki Beach","url":"https:\/\/www.kikibeach.be\/","logo":{"@type":"ImageObject","inLanguage":"fr-BE","@id":"https:\/\/www.kikibeach.be\/#\/schema\/logo\/image\/","url":"https:\/\/www.kikibeach.be\/wp-content\/uploads\/2022\/05\/logo-Kiki-Beach.jpg","contentUrl":"https:\/\/www.kikibeach.be\/wp-content\/uploads\/2022\/05\/logo-Kiki-Beach.jpg","width":900,"height":600,"caption":"Kiki Beach"},"image":{"@id":"https:\/\/www.kikibeach.be\/#\/schema\/logo\/image\/"},"sameAs":["https:\/\/www.facebook.com\/profile.php?id=100057336104836","https:\/\/www.instagram.com\/kikibeachduinbergen\/"]}]}},"_links":{"self":[{"href":"https:\/\/www.kikibeach.be\/fr\/wp-json\/wp\/v2\/pages\/426","targetHints":{"allow":["GET"]}}],"collection":[{"href":"https:\/\/www.kikibeach.be\/fr\/wp-json\/wp\/v2\/pages"}],"about":[{"href":"https:\/\/www.kikibeach.be\/fr\/wp-json\/wp\/v2\/types\/page"}],"author":[{"embeddable":true,"href":"https:\/\/www.kikibeach.be\/fr\/wp-json\/wp\/v2\/users\/1"}],"replies":[{"embeddable":true,"href":"https:\/\/www.kikibeach.be\/fr\/wp-json\/wp\/v2\/comments?post=426"}],"version-history":[{"count":8,"href":"https:\/\/www.kikibeach.be\/fr\/wp-json\/wp\/v2\/pages\/426\/revisions"}],"predecessor-version":[{"id":493,"href":"https:\/\/www.kikibeach.be\/fr\/wp-json\/wp\/v2\/pages\/426\/revisions\/493"}],"wp:attachment":[{"href":"https:\/\/www.kikibeach.be\/fr\/wp-json\/wp\/v2\/media?parent=426"}],"curies":[{"name":"wp","href":"https:\/\/api.w.org\/{rel}","templated":true}]}}